{"id":526,"date":"2017-03-07T15:21:48","date_gmt":"2017-03-07T14:21:48","guid":{"rendered":"http:\/\/www.xn--360grad-rundgnge-7nb.de\/business-view\/?page_id=526"},"modified":"2023-02-18T13:16:27","modified_gmt":"2023-02-18T12:16:27","slug":"360-grad-virtuelle-tour-city-pension-magdeburg","status":"publish","type":"page","link":"https:\/\/www.xn--360grad-rundgnge-7nb.de\/business-view\/360-grad-virtuelle-tour-city-pension-magdeburg\/","title":{"rendered":"360 Grad virtuelle Tour City Pension Magdeburg"},"content":{"rendered":"<p>Eine virtuelle 360 Grad Tour zeigt Ihr Unternehmen\u00a0an 365 Tagen an 24 Stunden.<br \/>\nCity-Pension Magdeburg: Rezeption<br \/>\n&nbsp;<\/p>\n<p><iframe loading=\"lazy\" style=\"border: 0;\" src=\"https:\/\/www.google.com\/maps\/embed?pb=!1m0!3m2!1sde!2sde!4v1488894553318!6m8!1m7!1sWIPn3V8vvh8AAAQvxSNdag!2m2!1d52.10895782877842!2d11.6309130128484!3f242.98292401098954!4f0.4158141247331173!5f0.7820865974627469\" width=\"800\" height=\"600\" frameborder=\"0\" allowfullscreen=\"allowfullscreen\"><\/iframe><\/p>\n<h2><\/h2>\n<h2>City-Pension Magdeburg: Fr\u00fchst\u00fccksraum und K\u00fcche<\/h2>\n<p><iframe loading=\"lazy\" style=\"border: 0;\" src=\"https:\/\/www.google.com\/maps\/embed?pb=!1m0!3m2!1sde!2sde!4v1488895746854!6m8!1m7!1sGjsjAY-cCJ0AAAQvxSNdZQ!2m2!1d52.10889854186839!2d11.63093673868389!3f326!4f0!5f0.7820865974627469\" width=\"800\" height=\"600\" frameborder=\"0\" allowfullscreen=\"allowfullscreen\"><\/iframe><\/p>\n<h2>City-Pension Magdeburg: Doppelzimmer<\/h2>\n<p><iframe loading=\"lazy\" style=\"border: 0;\" src=\"https:\/\/www.google.com\/maps\/embed?pb=!1m0!3m2!1sde!2sde!4v1488895818137!6m8!1m7!1ssNoHYRHOe-AAAAQvxSNdWg!2m2!1d52.10895684758108!2d11.63118494395746!3f244!4f0!5f0.7820865974627469\" width=\"800\" height=\"600\" frameborder=\"0\" allowfullscreen=\"allowfullscreen\"><\/iframe><\/p>\n<h2>City-Pension Magdeburg: Doppelzimmer<\/h2>\n<p><iframe loading=\"lazy\" style=\"border: 0;\" src=\"https:\/\/www.google.com\/maps\/embed?pb=!1m0!3m2!1sde!2sde!4v1488895864314!6m8!1m7!1siqPJ6CGawasAAAQvxSNdYA!2m2!1d52.1089996509953!2d11.63098849995094!3f150!4f0!5f0.7820865974627469\" width=\"800\" height=\"600\" frameborder=\"0\" allowfullscreen=\"allowfullscreen\"><\/iframe><\/p>\n<p><img decoding=\"async\" loading=\"lazy\" class=\"alignleft size-large wp-image-542\" src=\"http:\/\/www.xn--360grad-rundgnge-7nb.de\/business-view\/wp-content\/uploads\/2017\/03\/Bildschirmfoto-2017-03-07-um-15.12.48-1024x630.png\" alt=\"360 Grad virtuelle Tour City Pension Magdeburg\" width=\"800\" height=\"492\" srcset=\"https:\/\/www.xn--360grad-rundgnge-7nb.de\/business-view\/wp-content\/uploads\/2017\/03\/Bildschirmfoto-2017-03-07-um-15.12.48-1024x630.png 1024w, https:\/\/www.xn--360grad-rundgnge-7nb.de\/business-view\/wp-content\/uploads\/2017\/03\/Bildschirmfoto-2017-03-07-um-15.12.48-300x185.png 300w, https:\/\/www.xn--360grad-rundgnge-7nb.de\/business-view\/wp-content\/uploads\/2017\/03\/Bildschirmfoto-2017-03-07-um-15.12.48-768x473.png 768w, https:\/\/www.xn--360grad-rundgnge-7nb.de\/business-view\/wp-content\/uploads\/2017\/03\/Bildschirmfoto-2017-03-07-um-15.12.48-244x150.png 244w, https:\/\/www.xn--360grad-rundgnge-7nb.de\/business-view\/wp-content\/uploads\/2017\/03\/Bildschirmfoto-2017-03-07-um-15.12.48-150x92.png 150w, https:\/\/www.xn--360grad-rundgnge-7nb.de\/business-view\/wp-content\/uploads\/2017\/03\/Bildschirmfoto-2017-03-07-um-15.12.48.png 1642w\" sizes=\"(max-width: 800px) 100vw, 800px\" \/><br \/>\n&nbsp;<br \/>\n&nbsp;<br \/>\n&nbsp;<br \/>\n&nbsp;<br \/>\n&nbsp;<br \/>\n&nbsp;<br \/>\n&nbsp;<br \/>\n&nbsp;<br \/>\n&nbsp;<br \/>\n&nbsp;<br \/>\n&nbsp;<br \/>\n&nbsp;<br \/>\n&nbsp;<br \/>\n&nbsp;<br \/>\n&nbsp;<br \/>\n360 Grad virtuelle Tour City Pension Magdeburg<br \/>\nWillkommen in Magdeburg &#8211; zwischen Elbe, Dom und Guericke<br \/>\nDie City-Pension Magdeburg l\u00e4dt Sie in das s\u00fcdliche Zentrum der Landeshauptstadt ein. Am Bahnhof Buckau mit direkter Anbindung an Bahn, Stra\u00dfenbahn und sowie einer perfekten Anbindung f\u00fcr alle Autofahrer und Fahrradtouristen (Elberadweg 500m entfernt) erwarten Sie 25 frisch sanierte und neu eingerichtete Zimmer.<\/p>\n<p>Diese verf\u00fcgen \u00fcber W-Lan, Lan, Sky TV und moderne B\u00e4der mit Dusche oder Badewanne. Die Zimmer sind mindestens 25 qm gro\u00df und hell, modern und freundlich eingerichtet. Alle Zimmer verf\u00fcgen \u00fcber gro\u00dfe Fenster und bieten eine angenehme Aufenthaltsqualit\u00e4t.<\/p>\n<p>Gastst\u00e4tten, Bars und zahlreiche Sehensw\u00fcrdigkeiten befinden sich in unmittelbarer N\u00e4he des Hauses. In wenigen Minuten erreichen Sie die Magdeburger Elbpromenade und den Stadtpark Rotehorn.<\/p>\n<p>Das Team der City-Pension Magdeburg freut sich auf Ihren Besuch.<\/p>\n","protected":false},"excerpt":{"rendered":"<p>Eine virtuelle 360 Grad Tour zeigt Ihr Unternehmen\u00a0an 365 Tagen an 24 Stunden. City-Pension Magdeburg: Rezeption &nbsp; City-Pension Magdeburg: Fr\u00fchst\u00fccksraum und K\u00fcche City-Pension Magdeburg: Doppelzimmer City-Pension Magdeburg: Doppelzimmer &nbsp; &nbsp; &nbsp; &nbsp; &nbsp; &nbsp; &nbsp; &nbsp; &nbsp; &nbsp; &nbsp; &nbsp; &nbsp; &nbsp; &nbsp; 360 Grad virtuelle Tour City Pension Magdeburg \u2026 <a class=\"continue-reading-link\" href=\"https:\/\/www.xn--360grad-rundgnge-7nb.de\/business-view\/360-grad-virtuelle-tour-city-pension-magdeburg\/\"> Continue reading<\/a><\/p>\n","protected":false},"author":1,"featured_media":0,"parent":0,"menu_order":0,"comment_status":"closed","ping_status":"closed","template":"","meta":[],"yoast_head":"<!-- This site is optimized with the Yoast SEO plugin v20.1 - https:\/\/yoast.com\/wordpress\/plugins\/seo\/ -->\n<title>360 Grad virtuelle Tour City Pension Magdeburg - Fotostudio-Ender Oranienbaum-W\u00f6rlitz<\/title>\n<meta name=\"description\" content=\"360 Grad virtuelle Tour City Pension Magdeburg \/ Eine virtuelle Tour zeigt Ihr Unternehmen an 365 Tagen an 24 Stunden.\" \/>\n<meta name=\"robots\" content=\"index, follow, max-snippet:-1, max-image-preview:large, max-video-preview:-1\" \/>\n<link rel=\"canonical\" href=\"https:\/\/www.xn--360grad-rundgnge-7nb.de\/business-view\/360-grad-virtuelle-tour-city-pension-magdeburg\/\" \/>\n<meta property=\"og:locale\" content=\"de_DE\" \/>\n<meta property=\"og:type\" content=\"article\" \/>\n<meta property=\"og:title\" content=\"360 Grad virtuelle Tour City Pension Magdeburg - Fotostudio-Ender Oranienbaum-W\u00f6rlitz\" \/>\n<meta property=\"og:description\" content=\"360 Grad virtuelle Tour City Pension Magdeburg \/ Eine virtuelle Tour zeigt Ihr Unternehmen an 365 Tagen an 24 Stunden.\" \/>\n<meta property=\"og:url\" content=\"https:\/\/www.xn--360grad-rundgnge-7nb.de\/business-view\/360-grad-virtuelle-tour-city-pension-magdeburg\/\" \/>\n<meta property=\"og:site_name\" content=\"Fotostudio-Ender Oranienbaum-W\u00f6rlitz\" \/>\n<meta property=\"article:publisher\" content=\"https:\/\/www.facebook.com\/Fotostudio-Ender-102313379966715\/\" \/>\n<meta property=\"article:modified_time\" content=\"2023-02-18T12:16:27+00:00\" \/>\n<meta property=\"og:image\" content=\"http:\/\/www.xn--360grad-rundgnge-7nb.de\/business-view\/wp-content\/uploads\/2017\/03\/Bildschirmfoto-2017-03-07-um-15.12.48-1024x630.png\" \/>\n<meta name=\"twitter:card\" content=\"summary_large_image\" \/>\n<meta name=\"twitter:label1\" content=\"Gesch\u00e4tzte Lesezeit\" \/>\n\t<meta name=\"twitter:data1\" content=\"2\u00a0Minuten\" \/>\n<script type=\"application\/ld+json\" class=\"yoast-schema-graph\">{\"@context\":\"https:\/\/schema.org\",\"@graph\":[{\"@type\":\"WebPage\",\"@id\":\"https:\/\/www.xn--360grad-rundgnge-7nb.de\/business-view\/360-grad-virtuelle-tour-city-pension-magdeburg\/\",\"url\":\"https:\/\/www.xn--360grad-rundgnge-7nb.de\/business-view\/360-grad-virtuelle-tour-city-pension-magdeburg\/\",\"name\":\"360 Grad virtuelle Tour City Pension Magdeburg - Fotostudio-Ender Oranienbaum-W\u00f6rlitz\",\"isPartOf\":{\"@id\":\"https:\/\/www.xn--360grad-rundgnge-7nb.de\/business-view\/#website\"},\"datePublished\":\"2017-03-07T14:21:48+00:00\",\"dateModified\":\"2023-02-18T12:16:27+00:00\",\"description\":\"360 Grad virtuelle Tour City Pension Magdeburg \/ Eine virtuelle Tour zeigt Ihr Unternehmen an 365 Tagen an 24 Stunden.\",\"breadcrumb\":{\"@id\":\"https:\/\/www.xn--360grad-rundgnge-7nb.de\/business-view\/360-grad-virtuelle-tour-city-pension-magdeburg\/#breadcrumb\"},\"inLanguage\":\"de\",\"potentialAction\":[{\"@type\":\"ReadAction\",\"target\":[\"https:\/\/www.xn--360grad-rundgnge-7nb.de\/business-view\/360-grad-virtuelle-tour-city-pension-magdeburg\/\"]}]},{\"@type\":\"BreadcrumbList\",\"@id\":\"https:\/\/www.xn--360grad-rundgnge-7nb.de\/business-view\/360-grad-virtuelle-tour-city-pension-magdeburg\/#breadcrumb\",\"itemListElement\":[{\"@type\":\"ListItem\",\"position\":1,\"name\":\"Startseite\",\"item\":\"https:\/\/www.xn--360grad-rundgnge-7nb.de\/business-view\/\"},{\"@type\":\"ListItem\",\"position\":2,\"name\":\"360 Grad virtuelle Tour City Pension Magdeburg\"}]},{\"@type\":\"WebSite\",\"@id\":\"https:\/\/www.xn--360grad-rundgnge-7nb.de\/business-view\/#website\",\"url\":\"https:\/\/www.xn--360grad-rundgnge-7nb.de\/business-view\/\",\"name\":\"Fotostudio-Ender Oranienbaum-W\u00f6rlitz\",\"description\":\"Berthold Ender - zertifizierter  Google Street View|Trusted  Fotograf\",\"potentialAction\":[{\"@type\":\"SearchAction\",\"target\":{\"@type\":\"EntryPoint\",\"urlTemplate\":\"https:\/\/www.xn--360grad-rundgnge-7nb.de\/business-view\/?s={search_term_string}\"},\"query-input\":\"required name=search_term_string\"}],\"inLanguage\":\"de\"}]}<\/script>\n<!-- \/ Yoast SEO plugin. -->","yoast_head_json":{"title":"360 Grad virtuelle Tour City Pension Magdeburg - Fotostudio-Ender Oranienbaum-W\u00f6rlitz","description":"360 Grad virtuelle Tour City Pension Magdeburg \/ Eine virtuelle Tour zeigt Ihr Unternehmen an 365 Tagen an 24 Stunden.","robots":{"index":"index","follow":"follow","max-snippet":"max-snippet:-1","max-image-preview":"max-image-preview:large","max-video-preview":"max-video-preview:-1"},"canonical":"https:\/\/www.xn--360grad-rundgnge-7nb.de\/business-view\/360-grad-virtuelle-tour-city-pension-magdeburg\/","og_locale":"de_DE","og_type":"article","og_title":"360 Grad virtuelle Tour City Pension Magdeburg - Fotostudio-Ender Oranienbaum-W\u00f6rlitz","og_description":"360 Grad virtuelle Tour City Pension Magdeburg \/ Eine virtuelle Tour zeigt Ihr Unternehmen an 365 Tagen an 24 Stunden.","og_url":"https:\/\/www.xn--360grad-rundgnge-7nb.de\/business-view\/360-grad-virtuelle-tour-city-pension-magdeburg\/","og_site_name":"Fotostudio-Ender Oranienbaum-W\u00f6rlitz","article_publisher":"https:\/\/www.facebook.com\/Fotostudio-Ender-102313379966715\/","article_modified_time":"2023-02-18T12:16:27+00:00","og_image":[{"url":"http:\/\/www.xn--360grad-rundgnge-7nb.de\/business-view\/wp-content\/uploads\/2017\/03\/Bildschirmfoto-2017-03-07-um-15.12.48-1024x630.png"}],"twitter_card":"summary_large_image","twitter_misc":{"Gesch\u00e4tzte Lesezeit":"2\u00a0Minuten"},"schema":{"@context":"https:\/\/schema.org","@graph":[{"@type":"WebPage","@id":"https:\/\/www.xn--360grad-rundgnge-7nb.de\/business-view\/360-grad-virtuelle-tour-city-pension-magdeburg\/","url":"https:\/\/www.xn--360grad-rundgnge-7nb.de\/business-view\/360-grad-virtuelle-tour-city-pension-magdeburg\/","name":"360 Grad virtuelle Tour City Pension Magdeburg - Fotostudio-Ender Oranienbaum-W\u00f6rlitz","isPartOf":{"@id":"https:\/\/www.xn--360grad-rundgnge-7nb.de\/business-view\/#website"},"datePublished":"2017-03-07T14:21:48+00:00","dateModified":"2023-02-18T12:16:27+00:00","description":"360 Grad virtuelle Tour City Pension Magdeburg \/ Eine virtuelle Tour zeigt Ihr Unternehmen an 365 Tagen an 24 Stunden.","breadcrumb":{"@id":"https:\/\/www.xn--360grad-rundgnge-7nb.de\/business-view\/360-grad-virtuelle-tour-city-pension-magdeburg\/#breadcrumb"},"inLanguage":"de","potentialAction":[{"@type":"ReadAction","target":["https:\/\/www.xn--360grad-rundgnge-7nb.de\/business-view\/360-grad-virtuelle-tour-city-pension-magdeburg\/"]}]},{"@type":"BreadcrumbList","@id":"https:\/\/www.xn--360grad-rundgnge-7nb.de\/business-view\/360-grad-virtuelle-tour-city-pension-magdeburg\/#breadcrumb","itemListElement":[{"@type":"ListItem","position":1,"name":"Startseite","item":"https:\/\/www.xn--360grad-rundgnge-7nb.de\/business-view\/"},{"@type":"ListItem","position":2,"name":"360 Grad virtuelle Tour City Pension Magdeburg"}]},{"@type":"WebSite","@id":"https:\/\/www.xn--360grad-rundgnge-7nb.de\/business-view\/#website","url":"https:\/\/www.xn--360grad-rundgnge-7nb.de\/business-view\/","name":"Fotostudio-Ender Oranienbaum-W\u00f6rlitz","description":"Berthold Ender - zertifizierter  Google Street View|Trusted  Fotograf","potentialAction":[{"@type":"SearchAction","target":{"@type":"EntryPoint","urlTemplate":"https:\/\/www.xn--360grad-rundgnge-7nb.de\/business-view\/?s={search_term_string}"},"query-input":"required name=search_term_string"}],"inLanguage":"de"}]}},"_links":{"self":[{"href":"https:\/\/www.xn--360grad-rundgnge-7nb.de\/business-view\/wp-json\/wp\/v2\/pages\/526"}],"collection":[{"href":"https:\/\/www.xn--360grad-rundgnge-7nb.de\/business-view\/wp-json\/wp\/v2\/pages"}],"about":[{"href":"https:\/\/www.xn--360grad-rundgnge-7nb.de\/business-view\/wp-json\/wp\/v2\/types\/page"}],"author":[{"embeddable":true,"href":"https:\/\/www.xn--360grad-rundgnge-7nb.de\/business-view\/wp-json\/wp\/v2\/users\/1"}],"replies":[{"embeddable":true,"href":"https:\/\/www.xn--360grad-rundgnge-7nb.de\/business-view\/wp-json\/wp\/v2\/comments?post=526"}],"version-history":[{"count":21,"href":"https:\/\/www.xn--360grad-rundgnge-7nb.de\/business-view\/wp-json\/wp\/v2\/pages\/526\/revisions"}],"predecessor-version":[{"id":600,"href":"https:\/\/www.xn--360grad-rundgnge-7nb.de\/business-view\/wp-json\/wp\/v2\/pages\/526\/revisions\/600"}],"wp:attachment":[{"href":"https:\/\/www.xn--360grad-rundgnge-7nb.de\/business-view\/wp-json\/wp\/v2\/media?parent=526"}],"curies":[{"name":"wp","href":"https:\/\/api.w.org\/{rel}","templated":true}]}}