{"id":306,"date":"2016-02-18T11:49:34","date_gmt":"2016-02-18T10:49:34","guid":{"rendered":"http:\/\/www.xn--360grad-rundgnge-7nb.de\/business-view\/?page_id=306"},"modified":"2017-02-02T10:45:37","modified_gmt":"2017-02-02T09:45:37","slug":"city-pension-dessau","status":"publish","type":"page","link":"https:\/\/www.xn--360grad-rundgnge-7nb.de\/business-view\/city-pension-dessau\/","title":{"rendered":"City-Pension-Dessau"},"content":{"rendered":"<h1>City-Pension-Dessau dargestellt in 360 Grad<\/h1>\n<h2>Mit virtuellen Touren auf Ihrem Google+ Account zeigen Sie Ihr Unternehmen rund um die Uhr!<\/h2>\n<p>Rezeption:<\/p>\n<p><iframe loading=\"lazy\" style=\"border: 0;\" src=\"https:\/\/www.google.com\/maps\/embed?pb=!1m0!3m2!1sde!2sde!4v1455792552675!6m8!1m7!1sltmNm4OXgXUAAAQvOiSjWA!2m2!1d51.82143823957242!2d12.24342994803237!3f306!4f0!5f0.7820865974627469\" width=\"600\" height=\"450\" frameborder=\"0\" allowfullscreen=\"allowfullscreen\"><\/iframe><\/p>\n<p>Fr\u00fchst\u00fccksraum:<\/p>\n<p><iframe loading=\"lazy\" style=\"border: 0;\" src=\"https:\/\/www.google.com\/maps\/embed?pb=!1m0!3m2!1sde!2sde!4v1455792639894!6m8!1m7!1sstLoGQmIPacAAAQvOiSjZA!2m2!1d51.8214842585398!2d12.24295511790763!3f12!4f0!5f0.7820865974627469\" width=\"600\" height=\"450\" frameborder=\"0\" allowfullscreen=\"allowfullscreen\"><\/iframe><\/p>\n<p>Einzelzimmer:<\/p>\n<p><iframe loading=\"lazy\" style=\"border: 0;\" src=\"https:\/\/www.google.com\/maps\/embed?pb=!1m0!3m2!1sde!2sde!4v1455792683219!6m8!1m7!1seHQIbsKw7RgAAAQvOiSjYw!2m2!1d51.8214747197!2d12.24357328278018!3f19!4f0!5f0.7820865974627469\" width=\"600\" height=\"450\" frameborder=\"0\" allowfullscreen=\"allowfullscreen\"><\/iframe><\/p>\n<p>2-Bettzimmer:<\/p>\n<p><iframe loading=\"lazy\" style=\"border: 0;\" src=\"https:\/\/www.google.com\/maps\/embed?pb=!1m0!3m2!1sde!2sde!4v1455792760110!6m8!1m7!1stcVpnh5aB_cAAAQvOiTGcQ!2m2!1d51.82145695141132!2d12.2437786244941!3f275!4f0!5f0.7820865974627469\" width=\"600\" height=\"450\" frameborder=\"0\" allowfullscreen=\"allowfullscreen\"><\/iframe><\/p>\n<p>Doppelzimmer:<\/p>\n<p><iframe loading=\"lazy\" style=\"border: 0;\" src=\"https:\/\/www.google.com\/maps\/embed?pb=!1m0!3m2!1sde!2sde!4v1455792808880!6m8!1m7!1sI7mhpVStMDkAAAQvOiMb1Q!2m2!1d51.82139996477864!2d12.24400143323942!3f18!4f0!5f0.7820865974627469\" width=\"600\" height=\"450\" frameborder=\"0\" allowfullscreen=\"allowfullscreen\"><\/iframe><\/p>\n<p><a href=\"http:\/\/www.city-pension.travel\/index_DE_de.html\"><img decoding=\"async\" loading=\"lazy\" src=\"http:\/\/www.xn--360grad-rundgnge-7nb.de\/business-view\/wp-content\/uploads\/2016\/02\/Bildschirmfoto-2017-02-02-um-10.12.22-1024x583.png\" alt=\"City-Pension-Dessau\" width=\"800\" height=\"455\" class=\"alignleft size-large wp-image-403\" srcset=\"https:\/\/www.xn--360grad-rundgnge-7nb.de\/business-view\/wp-content\/uploads\/2016\/02\/Bildschirmfoto-2017-02-02-um-10.12.22-1024x583.png 1024w, https:\/\/www.xn--360grad-rundgnge-7nb.de\/business-view\/wp-content\/uploads\/2016\/02\/Bildschirmfoto-2017-02-02-um-10.12.22-300x171.png 300w, https:\/\/www.xn--360grad-rundgnge-7nb.de\/business-view\/wp-content\/uploads\/2016\/02\/Bildschirmfoto-2017-02-02-um-10.12.22-768x438.png 768w, https:\/\/www.xn--360grad-rundgnge-7nb.de\/business-view\/wp-content\/uploads\/2016\/02\/Bildschirmfoto-2017-02-02-um-10.12.22-250x142.png 250w, https:\/\/www.xn--360grad-rundgnge-7nb.de\/business-view\/wp-content\/uploads\/2016\/02\/Bildschirmfoto-2017-02-02-um-10.12.22-150x85.png 150w, https:\/\/www.xn--360grad-rundgnge-7nb.de\/business-view\/wp-content\/uploads\/2016\/02\/Bildschirmfoto-2017-02-02-um-10.12.22.png 1397w\" sizes=\"(max-width: 800px) 100vw, 800px\" \/><\/a><\/p>\n<h3>Willkommen in Dessau \u2014 Zwischen Elbe, Bauhaus und Gartenreich!<\/h3>\n<h4>Zwischen Luther, Bauhaus, dem Gartenreich Dessau-W\u00f6rlitz und den Weiten der Elb- und Muldeaue hei\u00dft Sie, im s\u00fcdlichen Zentrum von Dessau, die City-Pension-Dessau herzlich willkommen. Gesch\u00e4ftsreisende, Radler oder Kulturgenie\u00dfer, unser Haus bietet f\u00fcr jeden die optimale Voraussetzung f\u00fcr einen angenehmen Aufenthalt.<\/p>\n<p>Seit 1994 begeistern wir unsere G\u00e4ste und laden Sie immer wieder gerne ein, bei uns Gast zu sein.<br \/>\nDie City-Pension Dessau-Ro\u00dflau liegt am Rande des Dessauer Stadtzentrums und doch ideal f\u00fcr alle, die auch mal im Gr\u00fcnen spazieren wollen: ruhig und zentrumsnah. Egal, ob Sie mit dem Rad, dem Auto oder mit dem \u00f6ffentlichen Personenverkehr anreisen \u2013 unser Haus ist f\u00fcr alle Verkehrsmittel gut erreichbar. F\u00fcr Ihren Pkw steht unsere Tiefgarage zur Verf\u00fcgung und Ihr Fahrrad steht in unserem abschlie\u00dfbaren Fahrradraum trocken und sicher.<\/p>\n<p>Unsere 24 Zimmer sind modern eingerichtet und laden in entspannter Atmosph\u00e4re zum Verweilen ein. Das morgendliche Aufstehen vers\u00fc\u00dfen wir Ihnen t\u00e4glich mit einem reichhaltigen und ausgewogenen Fr\u00fchst\u00fccksbuffet. Am Abend laden zahlreiche Gastst\u00e4tten in der Umgebung zur Einkehr ein.<\/p>\n<p>\u00dcberzeugen Sie sich selbst und lernen Sie die Gastfreundschaft in Dessau-Ro\u00dflau und Anhalt kennen!<\/h4>\n","protected":false},"excerpt":{"rendered":"<p>City-Pension-Dessau dargestellt in 360 Grad Mit virtuellen Touren auf Ihrem Google+ Account zeigen Sie Ihr Unternehmen rund um die Uhr! Rezeption: Fr\u00fchst\u00fccksraum: Einzelzimmer: 2-Bettzimmer: Doppelzimmer: Willkommen in Dessau \u2014 Zwischen Elbe, Bauhaus und Gartenreich! Zwischen Luther, Bauhaus, dem Gartenreich Dessau-W\u00f6rlitz und den Weiten der Elb- und Muldeaue hei\u00dft Sie, im \u2026 <a class=\"continue-reading-link\" href=\"https:\/\/www.xn--360grad-rundgnge-7nb.de\/business-view\/city-pension-dessau\/\"> Continue reading<\/a><\/p>\n","protected":false},"author":1,"featured_media":0,"parent":0,"menu_order":0,"comment_status":"closed","ping_status":"closed","template":"","meta":[],"yoast_head":"<!-- This site is optimized with the Yoast SEO plugin v20.1 - https:\/\/yoast.com\/wordpress\/plugins\/seo\/ -->\n<title>City-Pension-Dessau - Fotostudio-Ender Oranienbaum-W\u00f6rlitz<\/title>\n<meta name=\"description\" content=\"City-Pension-Dessau dargestellt in 360 Grad \/mit virtuellen Touren auf Ihrem Google+ Account zeigen Sie Ihr Unternehmen rund um die Uhr\" \/>\n<meta name=\"robots\" content=\"index, follow, max-snippet:-1, max-image-preview:large, max-video-preview:-1\" \/>\n<link rel=\"canonical\" href=\"https:\/\/www.xn--360grad-rundgnge-7nb.de\/business-view\/city-pension-dessau\/\" \/>\n<meta property=\"og:locale\" content=\"de_DE\" \/>\n<meta property=\"og:type\" content=\"article\" \/>\n<meta property=\"og:title\" content=\"City-Pension-Dessau - Fotostudio-Ender Oranienbaum-W\u00f6rlitz\" \/>\n<meta property=\"og:description\" content=\"City-Pension-Dessau dargestellt in 360 Grad \/mit virtuellen Touren auf Ihrem Google+ Account zeigen Sie Ihr Unternehmen rund um die Uhr\" \/>\n<meta property=\"og:url\" content=\"https:\/\/www.xn--360grad-rundgnge-7nb.de\/business-view\/city-pension-dessau\/\" \/>\n<meta property=\"og:site_name\" content=\"Fotostudio-Ender Oranienbaum-W\u00f6rlitz\" \/>\n<meta property=\"article:publisher\" content=\"https:\/\/www.facebook.com\/Fotostudio-Ender-102313379966715\/\" \/>\n<meta property=\"article:modified_time\" content=\"2017-02-02T09:45:37+00:00\" \/>\n<meta property=\"og:image\" content=\"http:\/\/www.xn--360grad-rundgnge-7nb.de\/business-view\/wp-content\/uploads\/2016\/02\/Bildschirmfoto-2017-02-02-um-10.12.22-1024x583.png\" \/>\n<meta name=\"twitter:card\" content=\"summary_large_image\" \/>\n<meta name=\"twitter:label1\" content=\"Gesch\u00e4tzte Lesezeit\" \/>\n\t<meta name=\"twitter:data1\" content=\"1\u00a0Minute\" \/>\n<script type=\"application\/ld+json\" class=\"yoast-schema-graph\">{\"@context\":\"https:\/\/schema.org\",\"@graph\":[{\"@type\":\"WebPage\",\"@id\":\"https:\/\/www.xn--360grad-rundgnge-7nb.de\/business-view\/city-pension-dessau\/\",\"url\":\"https:\/\/www.xn--360grad-rundgnge-7nb.de\/business-view\/city-pension-dessau\/\",\"name\":\"City-Pension-Dessau - Fotostudio-Ender Oranienbaum-W\u00f6rlitz\",\"isPartOf\":{\"@id\":\"https:\/\/www.xn--360grad-rundgnge-7nb.de\/business-view\/#website\"},\"datePublished\":\"2016-02-18T10:49:34+00:00\",\"dateModified\":\"2017-02-02T09:45:37+00:00\",\"description\":\"City-Pension-Dessau dargestellt in 360 Grad \/mit virtuellen Touren auf Ihrem Google+ Account zeigen Sie Ihr Unternehmen rund um die Uhr\",\"breadcrumb\":{\"@id\":\"https:\/\/www.xn--360grad-rundgnge-7nb.de\/business-view\/city-pension-dessau\/#breadcrumb\"},\"inLanguage\":\"de\",\"potentialAction\":[{\"@type\":\"ReadAction\",\"target\":[\"https:\/\/www.xn--360grad-rundgnge-7nb.de\/business-view\/city-pension-dessau\/\"]}]},{\"@type\":\"BreadcrumbList\",\"@id\":\"https:\/\/www.xn--360grad-rundgnge-7nb.de\/business-view\/city-pension-dessau\/#breadcrumb\",\"itemListElement\":[{\"@type\":\"ListItem\",\"position\":1,\"name\":\"Startseite\",\"item\":\"https:\/\/www.xn--360grad-rundgnge-7nb.de\/business-view\/\"},{\"@type\":\"ListItem\",\"position\":2,\"name\":\"City-Pension-Dessau\"}]},{\"@type\":\"WebSite\",\"@id\":\"https:\/\/www.xn--360grad-rundgnge-7nb.de\/business-view\/#website\",\"url\":\"https:\/\/www.xn--360grad-rundgnge-7nb.de\/business-view\/\",\"name\":\"Fotostudio-Ender Oranienbaum-W\u00f6rlitz\",\"description\":\"Berthold Ender - zertifizierter  Google Street View|Trusted  Fotograf\",\"potentialAction\":[{\"@type\":\"SearchAction\",\"target\":{\"@type\":\"EntryPoint\",\"urlTemplate\":\"https:\/\/www.xn--360grad-rundgnge-7nb.de\/business-view\/?s={search_term_string}\"},\"query-input\":\"required name=search_term_string\"}],\"inLanguage\":\"de\"}]}<\/script>\n<!-- \/ Yoast SEO plugin. -->","yoast_head_json":{"title":"City-Pension-Dessau - Fotostudio-Ender Oranienbaum-W\u00f6rlitz","description":"City-Pension-Dessau dargestellt in 360 Grad \/mit virtuellen Touren auf Ihrem Google+ Account zeigen Sie Ihr Unternehmen rund um die Uhr","robots":{"index":"index","follow":"follow","max-snippet":"max-snippet:-1","max-image-preview":"max-image-preview:large","max-video-preview":"max-video-preview:-1"},"canonical":"https:\/\/www.xn--360grad-rundgnge-7nb.de\/business-view\/city-pension-dessau\/","og_locale":"de_DE","og_type":"article","og_title":"City-Pension-Dessau - Fotostudio-Ender Oranienbaum-W\u00f6rlitz","og_description":"City-Pension-Dessau dargestellt in 360 Grad \/mit virtuellen Touren auf Ihrem Google+ Account zeigen Sie Ihr Unternehmen rund um die Uhr","og_url":"https:\/\/www.xn--360grad-rundgnge-7nb.de\/business-view\/city-pension-dessau\/","og_site_name":"Fotostudio-Ender Oranienbaum-W\u00f6rlitz","article_publisher":"https:\/\/www.facebook.com\/Fotostudio-Ender-102313379966715\/","article_modified_time":"2017-02-02T09:45:37+00:00","og_image":[{"url":"http:\/\/www.xn--360grad-rundgnge-7nb.de\/business-view\/wp-content\/uploads\/2016\/02\/Bildschirmfoto-2017-02-02-um-10.12.22-1024x583.png"}],"twitter_card":"summary_large_image","twitter_misc":{"Gesch\u00e4tzte Lesezeit":"1\u00a0Minute"},"schema":{"@context":"https:\/\/schema.org","@graph":[{"@type":"WebPage","@id":"https:\/\/www.xn--360grad-rundgnge-7nb.de\/business-view\/city-pension-dessau\/","url":"https:\/\/www.xn--360grad-rundgnge-7nb.de\/business-view\/city-pension-dessau\/","name":"City-Pension-Dessau - Fotostudio-Ender Oranienbaum-W\u00f6rlitz","isPartOf":{"@id":"https:\/\/www.xn--360grad-rundgnge-7nb.de\/business-view\/#website"},"datePublished":"2016-02-18T10:49:34+00:00","dateModified":"2017-02-02T09:45:37+00:00","description":"City-Pension-Dessau dargestellt in 360 Grad \/mit virtuellen Touren auf Ihrem Google+ Account zeigen Sie Ihr Unternehmen rund um die Uhr","breadcrumb":{"@id":"https:\/\/www.xn--360grad-rundgnge-7nb.de\/business-view\/city-pension-dessau\/#breadcrumb"},"inLanguage":"de","potentialAction":[{"@type":"ReadAction","target":["https:\/\/www.xn--360grad-rundgnge-7nb.de\/business-view\/city-pension-dessau\/"]}]},{"@type":"BreadcrumbList","@id":"https:\/\/www.xn--360grad-rundgnge-7nb.de\/business-view\/city-pension-dessau\/#breadcrumb","itemListElement":[{"@type":"ListItem","position":1,"name":"Startseite","item":"https:\/\/www.xn--360grad-rundgnge-7nb.de\/business-view\/"},{"@type":"ListItem","position":2,"name":"City-Pension-Dessau"}]},{"@type":"WebSite","@id":"https:\/\/www.xn--360grad-rundgnge-7nb.de\/business-view\/#website","url":"https:\/\/www.xn--360grad-rundgnge-7nb.de\/business-view\/","name":"Fotostudio-Ender Oranienbaum-W\u00f6rlitz","description":"Berthold Ender - zertifizierter  Google Street View|Trusted  Fotograf","potentialAction":[{"@type":"SearchAction","target":{"@type":"EntryPoint","urlTemplate":"https:\/\/www.xn--360grad-rundgnge-7nb.de\/business-view\/?s={search_term_string}"},"query-input":"required name=search_term_string"}],"inLanguage":"de"}]}},"_links":{"self":[{"href":"https:\/\/www.xn--360grad-rundgnge-7nb.de\/business-view\/wp-json\/wp\/v2\/pages\/306"}],"collection":[{"href":"https:\/\/www.xn--360grad-rundgnge-7nb.de\/business-view\/wp-json\/wp\/v2\/pages"}],"about":[{"href":"https:\/\/www.xn--360grad-rundgnge-7nb.de\/business-view\/wp-json\/wp\/v2\/types\/page"}],"author":[{"embeddable":true,"href":"https:\/\/www.xn--360grad-rundgnge-7nb.de\/business-view\/wp-json\/wp\/v2\/users\/1"}],"replies":[{"embeddable":true,"href":"https:\/\/www.xn--360grad-rundgnge-7nb.de\/business-view\/wp-json\/wp\/v2\/comments?post=306"}],"version-history":[{"count":19,"href":"https:\/\/www.xn--360grad-rundgnge-7nb.de\/business-view\/wp-json\/wp\/v2\/pages\/306\/revisions"}],"predecessor-version":[{"id":599,"href":"https:\/\/www.xn--360grad-rundgnge-7nb.de\/business-view\/wp-json\/wp\/v2\/pages\/306\/revisions\/599"}],"wp:attachment":[{"href":"https:\/\/www.xn--360grad-rundgnge-7nb.de\/business-view\/wp-json\/wp\/v2\/media?parent=306"}],"curies":[{"name":"wp","href":"https:\/\/api.w.org\/{rel}","templated":true}]}}