{"id":242,"date":"2015-07-20T13:39:42","date_gmt":"2015-07-20T11:39:42","guid":{"rendered":"http:\/\/www.xn--360grad-rundgnge-7nb.de\/business-view\/?page_id=242"},"modified":"2017-02-28T11:21:11","modified_gmt":"2017-02-28T10:21:11","slug":"hotel-goldener-fasan-oranienbaum-dessauerstr-41-42","status":"publish","type":"page","link":"https:\/\/www.xn--360grad-rundgnge-7nb.de\/business-view\/hotel-goldener-fasan-oranienbaum-dessauerstr-41-42\/","title":{"rendered":"Hotel Goldener Fasan, Oranienbaum, Dessauerstr. 41-42"},"content":{"rendered":"<h1>Virtuelle Tour im Hotel Goldener Fasan<\/h1>\n<h2>Hotel Goldener Fasan, Oranienbaum, Dessauerstr. 41-42 l\u00e4dt mit einer virtuellen Tour in 360 Grad herzlich ein<\/h2>\n<h4>>Rezeption und Fr\u00fchst\u00fccksraum im Hotel Goldener Fasan<\n\n<iframe loading=\"lazy\" src=\"https:\/\/www.google.com\/maps\/embed?pb=!1m0!3m2!1sde!2sus!4v1437392328616!6m8!1m7!1sjF9CSg7vUp0AAAQqqS0dUg!2m2!1d51.79823!2d12.402398!3f239!4f0!5f0.7820865974627469\" width=\"600\" height=\"450\" frameborder=\"0\" style=\"border:0\" allowfullscreen><\/iframe><\/p>\n<h4>>Restaurant im Hotel Goldener Fasan<\n\n<iframe loading=\"lazy\" src=\"https:\/\/www.google.com\/maps\/embed?pb=!1m0!3m2!1sde!2sus!4v1437392418886!6m8!1m7!1sR4pezmcvQbUAAAQqqTUKZw!2m2!1d51.798252!2d12.402581!3f180!4f0!5f0.7820865974627469\" width=\"600\" height=\"450\" frameborder=\"0\" style=\"border:0\" allowfullscreen><\/iframe><\/p>\n<h4>>Doppelzimmer mit Balkon im Hotel Goldener Fasan<\n\n<iframe loading=\"lazy\" src=\"https:\/\/www.google.com\/maps\/embed?pb=!1m0!3m2!1sde!2sus!4v1437392470880!6m8!1m7!1spPZLff_EJ24AAAQqqT3QNg!2m2!1d51.79813!2d12.402392!3f108!4f0!5f0.7820865974627469\" width=\"600\" height=\"450\" frameborder=\"0\" style=\"border:0\" allowfullscreen><\/iframe><\/p>\n<h4>>Doppelzimmer im Hotel Goldener Fasan<\n\n\n<iframe loading=\"lazy\" src=\"https:\/\/www.google.com\/maps\/embed?pb=!1m0!3m2!1sde!2sus!4v1437392527730!6m8!1m7!1s5gNaa00Sd9QAAAQqqTOBgg!2m2!1d51.798093!2d12.402256!3f263!4f0!5f0.7820865974627469\" width=\"600\" height=\"450\" frameborder=\"0\" style=\"border:0\" allowfullscreen><\/iframe><\/p>\n<h4>>Veranstaltungsraum im Hotel Goldener Fasan<\n\n\n<iframe loading=\"lazy\" src=\"https:\/\/www.google.com\/maps\/embed?pb=!1m0!3m2!1sde!2sus!4v1437392561139!6m8!1m7!1s6jIcUyFlLcQAAAQqqTVKAQ!2m2!1d51.798286!2d12.402004!3f94!4f0!5f0.7820865974627469\" width=\"600\" height=\"450\" frameborder=\"0\" style=\"border:0\" allowfullscreen><\/iframe><\/p>\n<div id=\"attachment_237\" style=\"width: 692px\" class=\"wp-caption alignleft\"><img aria-describedby=\"caption-attachment-237\" decoding=\"async\" loading=\"lazy\" src=\"http:\/\/www.xn--360grad-rundgnge-7nb.de\/business-view\/wp-content\/uploads\/2015\/07\/IMG_2964-682x1024.jpg\" alt=\"Hotel Goldener Fasan, Oranienbaum, Dessauerstr. 41-42\" width=\"682\" height=\"1024\" class=\"size-large wp-image-237\" srcset=\"https:\/\/www.xn--360grad-rundgnge-7nb.de\/business-view\/wp-content\/uploads\/2015\/07\/IMG_2964-682x1024.jpg 682w, https:\/\/www.xn--360grad-rundgnge-7nb.de\/business-view\/wp-content\/uploads\/2015\/07\/IMG_2964-200x300.jpg 200w, https:\/\/www.xn--360grad-rundgnge-7nb.de\/business-view\/wp-content\/uploads\/2015\/07\/IMG_2964-100x150.jpg 100w, https:\/\/www.xn--360grad-rundgnge-7nb.de\/business-view\/wp-content\/uploads\/2015\/07\/IMG_2964.jpg 1217w\" sizes=\"(max-width: 682px) 100vw, 682px\" \/><p id=\"caption-attachment-237\" class=\"wp-caption-text\">Hotel Goldener Fasan<\/p><\/div>\n","protected":false},"excerpt":{"rendered":"<p>Virtuelle Tour im Hotel Goldener Fasan Hotel Goldener Fasan, Oranienbaum, Dessauerstr. 41-42 l\u00e4dt mit einer virtuellen Tour in 360 Grad herzlich ein >Rezeption und Fr\u00fchst\u00fccksraum im Hotel Goldener Fasan< >Restaurant im Hotel Goldener Fasan< >Doppelzimmer mit Balkon im Hotel Goldener Fasan< >Doppelzimmer im Hotel Goldener Fasan< >Veranstaltungsraum im Hotel Goldener \u2026 <a class=\"continue-reading-link\" href=\"https:\/\/www.xn--360grad-rundgnge-7nb.de\/business-view\/hotel-goldener-fasan-oranienbaum-dessauerstr-41-42\/\"> Continue reading<\/a><\/p>\n","protected":false},"author":1,"featured_media":0,"parent":0,"menu_order":0,"comment_status":"closed","ping_status":"closed","template":"","meta":[],"yoast_head":"<!-- This site is optimized with the Yoast SEO plugin v20.1 - https:\/\/yoast.com\/wordpress\/plugins\/seo\/ -->\n<title>Hotel Goldener Fasan, Oranienbaum, Dessauerstr. 41-42 - Fotostudio-Ender Oranienbaum-W\u00f6rlitz<\/title>\n<meta name=\"description\" content=\"Hotel Goldener Fasan, Oranienbaum, Dessauerstr. 41-42 l\u00e4dt mit einer virtuellen Tour in 360 Grad herzlich zum Verweilen ein.\" \/>\n<meta name=\"robots\" content=\"index, follow, max-snippet:-1, max-image-preview:large, max-video-preview:-1\" \/>\n<link rel=\"canonical\" href=\"https:\/\/www.xn--360grad-rundgnge-7nb.de\/business-view\/hotel-goldener-fasan-oranienbaum-dessauerstr-41-42\/\" \/>\n<meta property=\"og:locale\" content=\"de_DE\" \/>\n<meta property=\"og:type\" content=\"article\" \/>\n<meta property=\"og:title\" content=\"Hotel Goldener Fasan, Oranienbaum, Dessauerstr. 41-42 - Fotostudio-Ender Oranienbaum-W\u00f6rlitz\" \/>\n<meta property=\"og:description\" content=\"Hotel Goldener Fasan, Oranienbaum, Dessauerstr. 41-42 l\u00e4dt mit einer virtuellen Tour in 360 Grad herzlich zum Verweilen ein.\" \/>\n<meta property=\"og:url\" content=\"https:\/\/www.xn--360grad-rundgnge-7nb.de\/business-view\/hotel-goldener-fasan-oranienbaum-dessauerstr-41-42\/\" \/>\n<meta property=\"og:site_name\" content=\"Fotostudio-Ender Oranienbaum-W\u00f6rlitz\" \/>\n<meta property=\"article:publisher\" content=\"https:\/\/www.facebook.com\/Fotostudio-Ender-102313379966715\/\" \/>\n<meta property=\"article:modified_time\" content=\"2017-02-28T10:21:11+00:00\" \/>\n<meta property=\"og:image\" content=\"http:\/\/www.xn--360grad-rundgnge-7nb.de\/business-view\/wp-content\/uploads\/2015\/07\/IMG_2964-682x1024.jpg\" \/>\n<meta name=\"twitter:card\" content=\"summary_large_image\" \/>\n<script type=\"application\/ld+json\" class=\"yoast-schema-graph\">{\"@context\":\"https:\/\/schema.org\",\"@graph\":[{\"@type\":\"WebPage\",\"@id\":\"https:\/\/www.xn--360grad-rundgnge-7nb.de\/business-view\/hotel-goldener-fasan-oranienbaum-dessauerstr-41-42\/\",\"url\":\"https:\/\/www.xn--360grad-rundgnge-7nb.de\/business-view\/hotel-goldener-fasan-oranienbaum-dessauerstr-41-42\/\",\"name\":\"Hotel Goldener Fasan, Oranienbaum, Dessauerstr. 41-42 - Fotostudio-Ender Oranienbaum-W\u00f6rlitz\",\"isPartOf\":{\"@id\":\"https:\/\/www.xn--360grad-rundgnge-7nb.de\/business-view\/#website\"},\"datePublished\":\"2015-07-20T11:39:42+00:00\",\"dateModified\":\"2017-02-28T10:21:11+00:00\",\"description\":\"Hotel Goldener Fasan, Oranienbaum, Dessauerstr. 41-42 l\u00e4dt mit einer virtuellen Tour in 360 Grad herzlich zum Verweilen ein.\",\"breadcrumb\":{\"@id\":\"https:\/\/www.xn--360grad-rundgnge-7nb.de\/business-view\/hotel-goldener-fasan-oranienbaum-dessauerstr-41-42\/#breadcrumb\"},\"inLanguage\":\"de\",\"potentialAction\":[{\"@type\":\"ReadAction\",\"target\":[\"https:\/\/www.xn--360grad-rundgnge-7nb.de\/business-view\/hotel-goldener-fasan-oranienbaum-dessauerstr-41-42\/\"]}]},{\"@type\":\"BreadcrumbList\",\"@id\":\"https:\/\/www.xn--360grad-rundgnge-7nb.de\/business-view\/hotel-goldener-fasan-oranienbaum-dessauerstr-41-42\/#breadcrumb\",\"itemListElement\":[{\"@type\":\"ListItem\",\"position\":1,\"name\":\"Startseite\",\"item\":\"https:\/\/www.xn--360grad-rundgnge-7nb.de\/business-view\/\"},{\"@type\":\"ListItem\",\"position\":2,\"name\":\"Hotel Goldener Fasan, Oranienbaum, Dessauerstr. 41-42\"}]},{\"@type\":\"WebSite\",\"@id\":\"https:\/\/www.xn--360grad-rundgnge-7nb.de\/business-view\/#website\",\"url\":\"https:\/\/www.xn--360grad-rundgnge-7nb.de\/business-view\/\",\"name\":\"Fotostudio-Ender Oranienbaum-W\u00f6rlitz\",\"description\":\"Berthold Ender - zertifizierter  Google Street View|Trusted  Fotograf\",\"potentialAction\":[{\"@type\":\"SearchAction\",\"target\":{\"@type\":\"EntryPoint\",\"urlTemplate\":\"https:\/\/www.xn--360grad-rundgnge-7nb.de\/business-view\/?s={search_term_string}\"},\"query-input\":\"required name=search_term_string\"}],\"inLanguage\":\"de\"}]}<\/script>\n<!-- \/ Yoast SEO plugin. -->","yoast_head_json":{"title":"Hotel Goldener Fasan, Oranienbaum, Dessauerstr. 41-42 - Fotostudio-Ender Oranienbaum-W\u00f6rlitz","description":"Hotel Goldener Fasan, Oranienbaum, Dessauerstr. 41-42 l\u00e4dt mit einer virtuellen Tour in 360 Grad herzlich zum Verweilen ein.","robots":{"index":"index","follow":"follow","max-snippet":"max-snippet:-1","max-image-preview":"max-image-preview:large","max-video-preview":"max-video-preview:-1"},"canonical":"https:\/\/www.xn--360grad-rundgnge-7nb.de\/business-view\/hotel-goldener-fasan-oranienbaum-dessauerstr-41-42\/","og_locale":"de_DE","og_type":"article","og_title":"Hotel Goldener Fasan, Oranienbaum, Dessauerstr. 41-42 - Fotostudio-Ender Oranienbaum-W\u00f6rlitz","og_description":"Hotel Goldener Fasan, Oranienbaum, Dessauerstr. 41-42 l\u00e4dt mit einer virtuellen Tour in 360 Grad herzlich zum Verweilen ein.","og_url":"https:\/\/www.xn--360grad-rundgnge-7nb.de\/business-view\/hotel-goldener-fasan-oranienbaum-dessauerstr-41-42\/","og_site_name":"Fotostudio-Ender Oranienbaum-W\u00f6rlitz","article_publisher":"https:\/\/www.facebook.com\/Fotostudio-Ender-102313379966715\/","article_modified_time":"2017-02-28T10:21:11+00:00","og_image":[{"url":"http:\/\/www.xn--360grad-rundgnge-7nb.de\/business-view\/wp-content\/uploads\/2015\/07\/IMG_2964-682x1024.jpg"}],"twitter_card":"summary_large_image","schema":{"@context":"https:\/\/schema.org","@graph":[{"@type":"WebPage","@id":"https:\/\/www.xn--360grad-rundgnge-7nb.de\/business-view\/hotel-goldener-fasan-oranienbaum-dessauerstr-41-42\/","url":"https:\/\/www.xn--360grad-rundgnge-7nb.de\/business-view\/hotel-goldener-fasan-oranienbaum-dessauerstr-41-42\/","name":"Hotel Goldener Fasan, Oranienbaum, Dessauerstr. 41-42 - Fotostudio-Ender Oranienbaum-W\u00f6rlitz","isPartOf":{"@id":"https:\/\/www.xn--360grad-rundgnge-7nb.de\/business-view\/#website"},"datePublished":"2015-07-20T11:39:42+00:00","dateModified":"2017-02-28T10:21:11+00:00","description":"Hotel Goldener Fasan, Oranienbaum, Dessauerstr. 41-42 l\u00e4dt mit einer virtuellen Tour in 360 Grad herzlich zum Verweilen ein.","breadcrumb":{"@id":"https:\/\/www.xn--360grad-rundgnge-7nb.de\/business-view\/hotel-goldener-fasan-oranienbaum-dessauerstr-41-42\/#breadcrumb"},"inLanguage":"de","potentialAction":[{"@type":"ReadAction","target":["https:\/\/www.xn--360grad-rundgnge-7nb.de\/business-view\/hotel-goldener-fasan-oranienbaum-dessauerstr-41-42\/"]}]},{"@type":"BreadcrumbList","@id":"https:\/\/www.xn--360grad-rundgnge-7nb.de\/business-view\/hotel-goldener-fasan-oranienbaum-dessauerstr-41-42\/#breadcrumb","itemListElement":[{"@type":"ListItem","position":1,"name":"Startseite","item":"https:\/\/www.xn--360grad-rundgnge-7nb.de\/business-view\/"},{"@type":"ListItem","position":2,"name":"Hotel Goldener Fasan, Oranienbaum, Dessauerstr. 41-42"}]},{"@type":"WebSite","@id":"https:\/\/www.xn--360grad-rundgnge-7nb.de\/business-view\/#website","url":"https:\/\/www.xn--360grad-rundgnge-7nb.de\/business-view\/","name":"Fotostudio-Ender Oranienbaum-W\u00f6rlitz","description":"Berthold Ender - zertifizierter  Google Street View|Trusted  Fotograf","potentialAction":[{"@type":"SearchAction","target":{"@type":"EntryPoint","urlTemplate":"https:\/\/www.xn--360grad-rundgnge-7nb.de\/business-view\/?s={search_term_string}"},"query-input":"required name=search_term_string"}],"inLanguage":"de"}]}},"_links":{"self":[{"href":"https:\/\/www.xn--360grad-rundgnge-7nb.de\/business-view\/wp-json\/wp\/v2\/pages\/242"}],"collection":[{"href":"https:\/\/www.xn--360grad-rundgnge-7nb.de\/business-view\/wp-json\/wp\/v2\/pages"}],"about":[{"href":"https:\/\/www.xn--360grad-rundgnge-7nb.de\/business-view\/wp-json\/wp\/v2\/types\/page"}],"author":[{"embeddable":true,"href":"https:\/\/www.xn--360grad-rundgnge-7nb.de\/business-view\/wp-json\/wp\/v2\/users\/1"}],"replies":[{"embeddable":true,"href":"https:\/\/www.xn--360grad-rundgnge-7nb.de\/business-view\/wp-json\/wp\/v2\/comments?post=242"}],"version-history":[{"count":23,"href":"https:\/\/www.xn--360grad-rundgnge-7nb.de\/business-view\/wp-json\/wp\/v2\/pages\/242\/revisions"}],"predecessor-version":[{"id":513,"href":"https:\/\/www.xn--360grad-rundgnge-7nb.de\/business-view\/wp-json\/wp\/v2\/pages\/242\/revisions\/513"}],"wp:attachment":[{"href":"https:\/\/www.xn--360grad-rundgnge-7nb.de\/business-view\/wp-json\/wp\/v2\/media?parent=242"}],"curies":[{"name":"wp","href":"https:\/\/api.w.org\/{rel}","templated":true}]}}