{"id":17,"date":"2015-02-13T21:17:31","date_gmt":"2015-02-13T20:17:31","guid":{"rendered":"http:\/\/www.xn--360grad-rundgnge-7nb.de\/business-view\/?page_id=17"},"modified":"2020-09-10T11:18:50","modified_gmt":"2020-09-10T09:18:50","slug":"street-view-trusted","status":"publish","type":"page","link":"https:\/\/www.xn--360grad-rundgnge-7nb.de\/business-view\/","title":{"rendered":"Street View | Trusted"},"content":{"rendered":"<p>Mit Google Street\u00a0View | Trusted pr\u00e4sentieren Sie Ihr Unternehmen an 365 Tagen rund um die Uhr weltweit!<br \/>\n<img decoding=\"async\" loading=\"lazy\" class=\"alignleft size-medium wp-image-265\" src=\"http:\/\/www.xn--360grad-rundgnge-7nb.de\/business-view\/wp-content\/uploads\/2015\/02\/TrustedProBadge_German_Landscape_P-300x171.png\" alt=\"Street View|Trusted\" width=\"300\" height=\"171\" srcset=\"https:\/\/www.xn--360grad-rundgnge-7nb.de\/business-view\/wp-content\/uploads\/2015\/02\/TrustedProBadge_German_Landscape_P-300x171.png 300w, https:\/\/www.xn--360grad-rundgnge-7nb.de\/business-view\/wp-content\/uploads\/2015\/02\/TrustedProBadge_German_Landscape_P-1024x585.png 1024w, https:\/\/www.xn--360grad-rundgnge-7nb.de\/business-view\/wp-content\/uploads\/2015\/02\/TrustedProBadge_German_Landscape_P-250x143.png 250w, https:\/\/www.xn--360grad-rundgnge-7nb.de\/business-view\/wp-content\/uploads\/2015\/02\/TrustedProBadge_German_Landscape_P-150x86.png 150w, https:\/\/www.xn--360grad-rundgnge-7nb.de\/business-view\/wp-content\/uploads\/2015\/02\/TrustedProBadge_German_Landscape_P.png 1050w\" sizes=\"(max-width: 300px) 100vw, 300px\" \/><\/p>\n<p>&nbsp;<br \/>\n&nbsp;<\/p>\n<p>F\u00fcr Ihr Unternehmen fotografiere ich als zertifizierter Google Street View | Trusted\u00a0Fotograf virtuelle 360 Grad Rundg\u00e4nge.<\/p>\n<p>&nbsp;<br \/>\n&nbsp;<\/p>\n<p>&nbsp;<br \/>\nAuf Wunsch erstelle ich auch zus\u00e4tzlich POI-Bilder (Point of Interest).<br \/>\nNach der Ver\u00f6ffentlichung der virtuellen Tour auf Ihrem google+ Konto<br \/>\nerhalten Sie die POI-Bilder auf CD oder als Download zu Ihrer weiteren uneingeschr\u00e4nkten Nutzung.<br \/>\nDie virtuelle Tour l\u00e4\u00dft sich dann auch sehr leicht per iframe in Ihre eigene Internetseite einf\u00fcgen.<br \/>\nEs entstehen keine weiteren Folgekosten.<br \/>\n&nbsp;<br \/>\nMusik-Erber, August-Bebel-Platz 20, Dessau-Ro\u00dflau<\/p>\n<p><iframe loading=\"lazy\" style=\"border: 0;\" src=\"https:\/\/www.google.com\/maps\/embed?pb=!1m0!3m2!1sde!2sde!4v1427450050737!6m8!1m7!1sJxybRMOZwhsAAAQpp-_Zgg!2m2!1d51.829344!2d12.240052!3f349.92405364256695!4f3.1818486665137726!5f0.7820865974627469\" width=\"800\" height=\"600\" frameborder=\"0\"><\/iframe><\/p>\n<p>Google\u00a0Street View | Trusted ist eine interaktive virtuelle 360-Grad-Tour Ihres Unternehmens<br \/>\nnutzt die Street View-Technologie und ist unkompliziert, schnell und preiswert.<\/p>\n<p><strong>Google\u00a0Street View | Trusted bietet viele Vorteile<\/strong><br \/>\n\u2022 Erh\u00f6hen Sie das Kundeninteresse an Ihrem Unternehmen online.<br \/>\n\u2022 Pr\u00e4sentieren Sie Kunden das Ambiente und die Einrichtung Ihres Gesch\u00e4fts mithilfe der vertrauten Street View-Navigation.<br \/>\n\u2022 Optimieren Sie Ihre Pr\u00e4senz in Google durch hochwertige Fotos.<\/p>\n<p><strong>Wo k\u00f6nnen Nutzer Google\u00a0Street View | Trusted sehen?<\/strong><br \/>\nStreet View|Trusted erscheint in Google-Suchergebnissen, Google Maps und Google+ f\u00fcr Desktop-Computer, Smartphones oder Tablets.<br \/>\nAu\u00dferdem k\u00f6nnen Sie Google\u00a0Street View | Trusted Touren\u00a0in Ihre Website und soziale Netzwerke einbetten.<\/p>\n<p>Hier sehen Sie einige Beispiele.<\/p>\n<p>Georgius K\u00fcchen Handel GmbH laXintage k\u00fcchen manufactur<br \/>\nFriedrich W\u00f6hler Ring 8, OT Bitterfel, 06749 Bitterfeld-Wolfen<\/p>\n<p>untere Etage:<br \/>\n<iframe loading=\"lazy\" src=\"https:\/\/www.google.com\/maps\/embed?pb=!4v1599124416605!6m8!1m7!1sCAoSK0FGMVFpcE9vdnM1NTdTRU9IdVBfN3o4R0hvR1hWLWlDVGtfRklvRGVJZUU.!2m2!1d51.62846645139518!2d12.299778461156!3f324.32554143125014!4f-0.19342399039550173!5f0.7820865974627469\" width=\"800\" height=\"600\" frameborder=\"0\" style=\"border:0;\" allowfullscreen=\"\" aria-hidden=\"false\" tabindex=\"0\"><\/iframe><\/p>\n<p>obere Etage:<br \/>\n<iframe loading=\"lazy\" src=\"https:\/\/www.google.com\/maps\/embed?pb=!4v1599124582723!6m8!1m7!1sCAoSK0FGMVFpcE5FNndRcWxiQnRJWWNxaXpwTjNtUzU5MDRzNVJ4UDEwanhGUE0.!2m2!1d51.62856507698216!2d12.29977157183509!3f313.89731132063787!4f-0.3081084067955544!5f0.4000000000000002\" width=\"800\" height=\"600\" frameborder=\"0\" style=\"border:0;\" allowfullscreen=\"\" aria-hidden=\"false\" tabindex=\"0\"><\/iframe><\/p>\n<p>Alpha Buchhandlung e.V. Wittenberg, Schlo\u00dfstr. 28<\/p>\n<p><iframe loading=\"lazy\" style=\"border: 0;\" src=\"https:\/\/www.google.com\/maps\/embed?pb=!1m0!3m2!1sde!2sde!4v1442573189181!6m8!1m7!1sLIW48cBW7IIAAAQfDT-Lbw!2m2!1d51.86650725768099!2d12.64144607005039!3f200!4f0!5f0.7820865974627469\" width=\"800\" height=\"600\" frameborder=\"0\" allowfullscreen=\"allowfullscreen\"><\/iframe><\/p>\n<p>Indoorspielplatz Dessolino, Brauereistr. 1, Dessau-Ro\u00dflau<\/p>\n<div class=\"cards-text-truncate-and-wrap\"><\/div>\n<p><iframe loading=\"lazy\" style=\"border: 0;\" src=\"https:\/\/www.google.com\/maps\/embed?pb=!1m0!3m2!1sde!2sde!4v1428140281302!6m8!1m7!1sKAmUBBhpFCgAAAQfDPMT0w!2m2!1d51.830699!2d12.226982!3f235.84692827690435!4f-5.489761818460877!5f0.7820865974627469\" width=\"800\" height=\"600\" frameborder=\"0\"><\/iframe><\/p>\n<p>&nbsp;<\/p>\n<p>Pohle\u00b4s Motorradshop in Oranienbaum, Schlo\u00dfstr.52<br \/>\n<iframe loading=\"lazy\" style=\"border: 0;\" src=\"https:\/\/www.google.com\/maps\/embed?pb=!1m0!3m2!1sde!2sde!4v1426868044214!6m8!1m7!1sDqAiwOpPeEYAAAQpmrPM9A!2m2!1d51.79743!2d12.404724!3f274.9448124572549!4f-8.33620181111462!5f1.4214797185029173\" width=\"800\" height=\"600\" frameborder=\"0\"><\/iframe><\/p>\n<p>&nbsp;<\/p>\n<p>Babyhaus Dessau, Amalienstr. 122, Dessau-Ro\u00dflau<br \/>\n<iframe loading=\"lazy\" style=\"border: 0;\" src=\"https:\/\/www.google.com\/maps\/embed?pb=!1m0!3m2!1sde!2sde!4v1426587858673!6m8!1m7!1s6fhVO-W9KqsAAAQpfdG6RA!2m2!1d51.828892!2d12.234701!3f172.98902635096115!4f0.08645599727476849!5f0.7820865974627469\" width=\"800\" height=\"600\" frameborder=\"0\"><\/iframe><\/p>\n<p>&nbsp;<\/p>\n<p>Konditorei Mrosek in Dessau-Ro\u00dflau, Askanische Str.52<br \/>\n<iframe loading=\"lazy\" style=\"border: 0;\" src=\"https:\/\/www.google.com\/maps\/embed?pb=!1m0!3m2!1sde!2sde!4v1426332517907!6m8!1m7!1sfZHH2t1eN7YAAAQpfZ5lWA!2m2!1d51.830804!2d12.240403!3f43.92482468377862!4f-0.4587599241801996!5f0.7820865974627469\" width=\"800\" height=\"600\" frameborder=\"0\"><\/iframe><\/p>\n<p>&nbsp;<\/p>\n<p>Fahrradmarkt Oranienbaum, Schlo\u00dfstr. 36A<br \/>\n<iframe loading=\"lazy\" style=\"border: 0;\" src=\"https:\/\/www.google.com\/maps\/embed?pb=!1m0!3m2!1sde!2sde!4v1424876861635!6m8!1m7!1s-tbBlYXCckoAAAQZeQiG0w!2m2!1d51.793961!2d12.404004!3f51!4f0!5f1.4214797185029173\" width=\"800\" height=\"600\" frameborder=\"0\"><\/iframe><\/p>\n<p>&nbsp;<\/p>\n<p>Fotostudio Ender<br \/>\n&lt;<iframe loading=\"lazy\" style=\"border: 0;\" src=\"https:\/\/www.google.com\/maps\/embed?pb=!1m0!3m2!1sde!2sde!4v1448965708462!6m8!1m7!1skd57TgwYpOAAAAQz0EYnLA!2m2!1d51.79423882545139!2d12.40333365899573!3f115!4f0!5f0.7820865974627469\" width=\"800\" height=\"600\" frameborder=\"0\" allowfullscreen=\"allowfullscreen\"><\/iframe><\/p>\n","protected":false},"excerpt":{"rendered":"<p>Mit Google Street\u00a0View | Trusted pr\u00e4sentieren Sie Ihr Unternehmen an 365 Tagen rund um die Uhr weltweit! &nbsp; &nbsp; F\u00fcr Ihr Unternehmen fotografiere ich als zertifizierter Google Street View | Trusted\u00a0Fotograf virtuelle 360 Grad Rundg\u00e4nge. &nbsp; &nbsp; &nbsp; Auf Wunsch erstelle ich auch zus\u00e4tzlich POI-Bilder (Point of Interest). Nach der \u2026 <a class=\"continue-reading-link\" href=\"https:\/\/www.xn--360grad-rundgnge-7nb.de\/business-view\/\"> Continue reading<\/a><\/p>\n","protected":false},"author":1,"featured_media":0,"parent":0,"menu_order":0,"comment_status":"closed","ping_status":"closed","template":"","meta":[],"yoast_head":"<!-- This site is optimized with the Yoast SEO plugin v20.1 - https:\/\/yoast.com\/wordpress\/plugins\/seo\/ -->\n<title>Street View | Trusted - Fotostudio-Ender Oranienbaum-W\u00f6rlitz<\/title>\n<meta name=\"description\" content=\"Street View | Trusted pr\u00e4sentiert Ihr Unternehmen an 365 Tagen rund um die Uhr mit Google weltweit!\" \/>\n<meta name=\"robots\" content=\"index, follow, max-snippet:-1, max-image-preview:large, max-video-preview:-1\" \/>\n<link rel=\"canonical\" href=\"https:\/\/www.xn--360grad-rundgnge-7nb.de\/business-view\/\" \/>\n<meta property=\"og:locale\" content=\"de_DE\" \/>\n<meta property=\"og:type\" content=\"article\" \/>\n<meta property=\"og:title\" content=\"Street View | Trusted - Fotostudio-Ender Oranienbaum-W\u00f6rlitz\" \/>\n<meta property=\"og:description\" content=\"Street View | Trusted pr\u00e4sentiert Ihr Unternehmen an 365 Tagen rund um die Uhr mit Google weltweit!\" \/>\n<meta property=\"og:url\" content=\"https:\/\/www.xn--360grad-rundgnge-7nb.de\/business-view\/\" \/>\n<meta property=\"og:site_name\" content=\"Fotostudio-Ender Oranienbaum-W\u00f6rlitz\" \/>\n<meta property=\"article:publisher\" content=\"https:\/\/www.facebook.com\/Fotostudio-Ender-102313379966715\/\" \/>\n<meta property=\"article:modified_time\" content=\"2020-09-10T09:18:50+00:00\" \/>\n<meta property=\"og:image\" content=\"http:\/\/www.xn--360grad-rundgnge-7nb.de\/business-view\/wp-content\/uploads\/2015\/02\/TrustedProBadge_German_Landscape_P-300x171.png\" \/>\n<meta name=\"twitter:card\" content=\"summary_large_image\" \/>\n<meta name=\"twitter:label1\" content=\"Gesch\u00e4tzte Lesezeit\" \/>\n\t<meta name=\"twitter:data1\" content=\"1\u00a0Minute\" \/>\n<script type=\"application\/ld+json\" class=\"yoast-schema-graph\">{\"@context\":\"https:\/\/schema.org\",\"@graph\":[{\"@type\":\"WebPage\",\"@id\":\"https:\/\/www.xn--360grad-rundgnge-7nb.de\/business-view\/\",\"url\":\"https:\/\/www.xn--360grad-rundgnge-7nb.de\/business-view\/\",\"name\":\"Street View | Trusted - Fotostudio-Ender Oranienbaum-W\u00f6rlitz\",\"isPartOf\":{\"@id\":\"https:\/\/www.xn--360grad-rundgnge-7nb.de\/business-view\/#website\"},\"datePublished\":\"2015-02-13T20:17:31+00:00\",\"dateModified\":\"2020-09-10T09:18:50+00:00\",\"description\":\"Street View | Trusted pr\u00e4sentiert Ihr Unternehmen an 365 Tagen rund um die Uhr mit Google weltweit!\",\"breadcrumb\":{\"@id\":\"https:\/\/www.xn--360grad-rundgnge-7nb.de\/business-view\/#breadcrumb\"},\"inLanguage\":\"de\",\"potentialAction\":[{\"@type\":\"ReadAction\",\"target\":[\"https:\/\/www.xn--360grad-rundgnge-7nb.de\/business-view\/\"]}]},{\"@type\":\"BreadcrumbList\",\"@id\":\"https:\/\/www.xn--360grad-rundgnge-7nb.de\/business-view\/#breadcrumb\",\"itemListElement\":[{\"@type\":\"ListItem\",\"position\":1,\"name\":\"Startseite\",\"item\":\"https:\/\/www.xn--360grad-rundgnge-7nb.de\/business-view\/\"},{\"@type\":\"ListItem\",\"position\":2,\"name\":\"Street View | Trusted\"}]},{\"@type\":\"WebSite\",\"@id\":\"https:\/\/www.xn--360grad-rundgnge-7nb.de\/business-view\/#website\",\"url\":\"https:\/\/www.xn--360grad-rundgnge-7nb.de\/business-view\/\",\"name\":\"Fotostudio-Ender Oranienbaum-W\u00f6rlitz\",\"description\":\"Berthold Ender - zertifizierter  Google Street View|Trusted  Fotograf\",\"potentialAction\":[{\"@type\":\"SearchAction\",\"target\":{\"@type\":\"EntryPoint\",\"urlTemplate\":\"https:\/\/www.xn--360grad-rundgnge-7nb.de\/business-view\/?s={search_term_string}\"},\"query-input\":\"required name=search_term_string\"}],\"inLanguage\":\"de\"}]}<\/script>\n<!-- \/ Yoast SEO plugin. -->","yoast_head_json":{"title":"Street View | Trusted - Fotostudio-Ender Oranienbaum-W\u00f6rlitz","description":"Street View | Trusted pr\u00e4sentiert Ihr Unternehmen an 365 Tagen rund um die Uhr mit Google weltweit!","robots":{"index":"index","follow":"follow","max-snippet":"max-snippet:-1","max-image-preview":"max-image-preview:large","max-video-preview":"max-video-preview:-1"},"canonical":"https:\/\/www.xn--360grad-rundgnge-7nb.de\/business-view\/","og_locale":"de_DE","og_type":"article","og_title":"Street View | Trusted - Fotostudio-Ender Oranienbaum-W\u00f6rlitz","og_description":"Street View | Trusted pr\u00e4sentiert Ihr Unternehmen an 365 Tagen rund um die Uhr mit Google weltweit!","og_url":"https:\/\/www.xn--360grad-rundgnge-7nb.de\/business-view\/","og_site_name":"Fotostudio-Ender Oranienbaum-W\u00f6rlitz","article_publisher":"https:\/\/www.facebook.com\/Fotostudio-Ender-102313379966715\/","article_modified_time":"2020-09-10T09:18:50+00:00","og_image":[{"url":"http:\/\/www.xn--360grad-rundgnge-7nb.de\/business-view\/wp-content\/uploads\/2015\/02\/TrustedProBadge_German_Landscape_P-300x171.png"}],"twitter_card":"summary_large_image","twitter_misc":{"Gesch\u00e4tzte Lesezeit":"1\u00a0Minute"},"schema":{"@context":"https:\/\/schema.org","@graph":[{"@type":"WebPage","@id":"https:\/\/www.xn--360grad-rundgnge-7nb.de\/business-view\/","url":"https:\/\/www.xn--360grad-rundgnge-7nb.de\/business-view\/","name":"Street View | Trusted - Fotostudio-Ender Oranienbaum-W\u00f6rlitz","isPartOf":{"@id":"https:\/\/www.xn--360grad-rundgnge-7nb.de\/business-view\/#website"},"datePublished":"2015-02-13T20:17:31+00:00","dateModified":"2020-09-10T09:18:50+00:00","description":"Street View | Trusted pr\u00e4sentiert Ihr Unternehmen an 365 Tagen rund um die Uhr mit Google weltweit!","breadcrumb":{"@id":"https:\/\/www.xn--360grad-rundgnge-7nb.de\/business-view\/#breadcrumb"},"inLanguage":"de","potentialAction":[{"@type":"ReadAction","target":["https:\/\/www.xn--360grad-rundgnge-7nb.de\/business-view\/"]}]},{"@type":"BreadcrumbList","@id":"https:\/\/www.xn--360grad-rundgnge-7nb.de\/business-view\/#breadcrumb","itemListElement":[{"@type":"ListItem","position":1,"name":"Startseite","item":"https:\/\/www.xn--360grad-rundgnge-7nb.de\/business-view\/"},{"@type":"ListItem","position":2,"name":"Street View | Trusted"}]},{"@type":"WebSite","@id":"https:\/\/www.xn--360grad-rundgnge-7nb.de\/business-view\/#website","url":"https:\/\/www.xn--360grad-rundgnge-7nb.de\/business-view\/","name":"Fotostudio-Ender Oranienbaum-W\u00f6rlitz","description":"Berthold Ender - zertifizierter  Google Street View|Trusted  Fotograf","potentialAction":[{"@type":"SearchAction","target":{"@type":"EntryPoint","urlTemplate":"https:\/\/www.xn--360grad-rundgnge-7nb.de\/business-view\/?s={search_term_string}"},"query-input":"required name=search_term_string"}],"inLanguage":"de"}]}},"_links":{"self":[{"href":"https:\/\/www.xn--360grad-rundgnge-7nb.de\/business-view\/wp-json\/wp\/v2\/pages\/17"}],"collection":[{"href":"https:\/\/www.xn--360grad-rundgnge-7nb.de\/business-view\/wp-json\/wp\/v2\/pages"}],"about":[{"href":"https:\/\/www.xn--360grad-rundgnge-7nb.de\/business-view\/wp-json\/wp\/v2\/types\/page"}],"author":[{"embeddable":true,"href":"https:\/\/www.xn--360grad-rundgnge-7nb.de\/business-view\/wp-json\/wp\/v2\/users\/1"}],"replies":[{"embeddable":true,"href":"https:\/\/www.xn--360grad-rundgnge-7nb.de\/business-view\/wp-json\/wp\/v2\/comments?post=17"}],"version-history":[{"count":103,"href":"https:\/\/www.xn--360grad-rundgnge-7nb.de\/business-view\/wp-json\/wp\/v2\/pages\/17\/revisions"}],"predecessor-version":[{"id":660,"href":"https:\/\/www.xn--360grad-rundgnge-7nb.de\/business-view\/wp-json\/wp\/v2\/pages\/17\/revisions\/660"}],"wp:attachment":[{"href":"https:\/\/www.xn--360grad-rundgnge-7nb.de\/business-view\/wp-json\/wp\/v2\/media?parent=17"}],"curies":[{"name":"wp","href":"https:\/\/api.w.org\/{rel}","templated":true}]}}