{"id":115,"date":"2015-05-12T14:48:07","date_gmt":"2015-05-12T12:48:07","guid":{"rendered":"http:\/\/www.xn--360grad-rundgnge-7nb.de\/business-view\/?page_id=115"},"modified":"2020-10-27T10:15:22","modified_gmt":"2020-10-27T09:15:22","slug":"hotel-7-saeulen-in-06846-dessau-rosslau-ebertallee-66","status":"publish","type":"page","link":"https:\/\/www.xn--360grad-rundgnge-7nb.de\/business-view\/hotel-7-saeulen-in-06846-dessau-rosslau-ebertallee-66\/","title":{"rendered":"Hotel 7 S\u00e4ulen in 06846 Dessau-Ro\u00dflau"},"content":{"rendered":"<h1>Hotel 7 S\u00e4ulen in der Ebertallee 66<\/h1>\n<h2>als virtuelle Tour in 360 Grad<\/h2>\n<p>Rezeption<\/p>\n<p><iframe loading=\"lazy\" style=\"border: 0;\" src=\"https:\/\/www.google.com\/maps\/embed?pb=!1m0!3m2!1sde!2sde!4v1431432752152!6m8!1m7!1sV0Ab5iIXtRYAAAQo8BHpnw!2m2!1d51.843688!2d12.222122!3f306!4f0!5f1.4214797185029173\" width=\"600\" height=\"450\" frameborder=\"0\"><\/iframe><br \/>\nFr\u00fchst\u00fccksraum<br \/>\n<iframe loading=\"lazy\" style=\"border: 0;\" src=\"https:\/\/www.google.com\/maps\/embed?pb=!1m0!3m2!1sde!2sde!4v1431434572149!6m8!1m7!1srhJUeFHT4mMAAAQo8A1YtA!2m2!1d51.843628!2d12.22207!3f8.071026378236411!4f-16.594466949772965!5f0.7820865974627469\" width=\"600\" height=\"450\" frameborder=\"0\"><\/iframe><br \/>\nStandard-Doppelzimmer<br \/>\n<iframe loading=\"lazy\" style=\"border: 0;\" src=\"https:\/\/www.google.com\/maps\/embed?pb=!1m0!3m2!1sde!2sde!4v1431434675528!6m8!1m7!1sOm4-t4Y2p54AAAQo8BEcWw!2m2!1d51.843693!2d12.222183!3f121.52962137160407!4f-15.569368706674865!5f0.7820865974627469\" width=\"600\" height=\"450\" frameborder=\"0\"><\/iframe><br \/>\nKomfort-Doppelzimmer<br \/>\n<iframe loading=\"lazy\" src=\"https:\/\/www.google.com\/maps\/embed?pb=!4v1603790029615!6m8!1m7!1sCAoSK0FGMVFpcFAxdnhrT0Z2UGY1NF9DVXdvWnZudzhTRkh4MFlKZk1kd1dyY1k.!2m2!1d51.84362831939237!2d12.22208573416503!3f40.50244128589546!4f0.44433470415877707!5f0.7820865974627469\" width=\"600\" height=\"450\" frameborder=\"0\" style=\"border:0;\" allowfullscreen=\"\" aria-hidden=\"false\" tabindex=\"0\"><\/iframe><br \/>\n<div id=\"attachment_120\" style=\"width: 810px\" class=\"wp-caption alignleft\"><a href=\"https:\/\/hotel-7-saeulen.de\"><img aria-describedby=\"caption-attachment-120\" decoding=\"async\" loading=\"lazy\" src=\"http:\/\/www.xn--360grad-rundgnge-7nb.de\/business-view\/wp-content\/uploads\/2015\/05\/IMG_5771-1024x715.jpg\" alt=\"Hotel 7 S\u00e4ulen in 06846 Dessau-Ro\u00dflau\" width=\"800\" height=\"559\" class=\"size-large wp-image-120\" srcset=\"https:\/\/www.xn--360grad-rundgnge-7nb.de\/business-view\/wp-content\/uploads\/2015\/05\/IMG_5771-1024x715.jpg 1024w, https:\/\/www.xn--360grad-rundgnge-7nb.de\/business-view\/wp-content\/uploads\/2015\/05\/IMG_5771-300x209.jpg 300w, https:\/\/www.xn--360grad-rundgnge-7nb.de\/business-view\/wp-content\/uploads\/2015\/05\/IMG_5771-215x150.jpg 215w, https:\/\/www.xn--360grad-rundgnge-7nb.de\/business-view\/wp-content\/uploads\/2015\/05\/IMG_5771-150x105.jpg 150w, https:\/\/www.xn--360grad-rundgnge-7nb.de\/business-view\/wp-content\/uploads\/2015\/05\/IMG_5771.jpg 1662w\" sizes=\"(max-width: 800px) 100vw, 800px\" \/><\/a><p id=\"caption-attachment-120\" class=\"wp-caption-text\">Hotel 7 S\u00e4ulen<\/p><\/div><\/p>\n<h3>Herzlich Willkommen im Hotel 7 S\u00e4ulen in der Bauhausstadt Dessau.<\/h3>\n<h2>Direkt gegen\u00fcber dem Weltkulturerbe Bauhausbauten Meisterh\u00e4user und in fu\u00dfl\u00e4ufiger Entfernung zum weltber\u00fchmten Bauhaus und dem Dessau W\u00f6rlitzer Gartenreich gelegen, ist unser Hotel 7 S\u00e4ulen in der Ebertallee 66 ein idealer Ausgangspunkt f\u00fcr Ihren Aufenthalt in der Region Anhalt.<\/p>\n<p>In unserem privat gef\u00fchrten Haus werden Sie sich schnell wohl f\u00fchlen. Unser freundliches Personal steht Ihnen stets hilfreich zur Seite, wenn es darum geht, Ihren Aufenthalt so angenehm wie m\u00f6glich zu gestalten. 1993 errichtet, 2013 teilsaniert, bietet Ihnen unser Haus modernen Komfort und Service.<\/p>\n<p>\u00dcberzeugen Sie sich selbst! Wir freuen uns auf Sie!<\/p>\n<p>Das Hotel 7 S\u00e4ulen bietet Ihnen 24 Zimmer und 32 Betten in zwei verschiedenen Kategorien: Standard und Komfort.<\/p>\n<p>Unsere Preise beinhalten die aktuelle Mehrwertsteuer sowie das Bedienungsgeld. Sollten Sie mit dem Auto anreisen, stehen auf dem Hotelgel\u00e4nde in begrenzter Anzahl Parkpl\u00e4tze zur Verf\u00fcgung. Vor dem Haus in fu\u00dfl\u00e4ufiger Entfernung befinden sich weitere kostenfreie Parkpl\u00e4tze.<\/p>\n<p>Kinder bis 6 Jahre \u00fcbernachten im Zimmer \/ Bett der Eltern, ohne Aufpreis. F\u00fcr Gruppen, Unternehmen, Reiseveranstalter und Langzeitg\u00e4ste unterbreiten wir Ihnen gerne ein individuelles Angebot.<\/p>\n<p>Reservierte Zimmer stehen dem Gast ab 14.30 Uhr zur Verf\u00fcgung. Anreisen nach 18:00 Uhr bitten wir im Voraus anzumelden. Der Check-Out am Abreisetag ist bis 11.00 Uhr. Die Rezeption ist t\u00e4glich von 07.00 bis 22.00 Uhr besetzt. Ab 22.00 Uhr sind wir in dringenden F\u00e4llen telefonisch f\u00fcr Sie erreichbar.<\/h2>\n","protected":false},"excerpt":{"rendered":"<p>Hotel 7 S\u00e4ulen in der Ebertallee 66 als virtuelle Tour in 360 Grad Rezeption Fr\u00fchst\u00fccksraum Standard-Doppelzimmer Komfort-Doppelzimmer Herzlich Willkommen im Hotel 7 S\u00e4ulen in der Bauhausstadt Dessau. Direkt gegen\u00fcber dem Weltkulturerbe Bauhausbauten Meisterh\u00e4user und in fu\u00dfl\u00e4ufiger Entfernung zum weltber\u00fchmten Bauhaus und dem Dessau W\u00f6rlitzer Gartenreich gelegen, ist unser Hotel 7 \u2026 <a class=\"continue-reading-link\" href=\"https:\/\/www.xn--360grad-rundgnge-7nb.de\/business-view\/hotel-7-saeulen-in-06846-dessau-rosslau-ebertallee-66\/\"> Continue reading<\/a><\/p>\n","protected":false},"author":1,"featured_media":0,"parent":0,"menu_order":0,"comment_status":"closed","ping_status":"closed","template":"","meta":[],"yoast_head":"<!-- This site is optimized with the Yoast SEO plugin v20.1 - https:\/\/yoast.com\/wordpress\/plugins\/seo\/ -->\n<title>Hotel 7 S\u00e4ulen in 06846 Dessau-Ro\u00dflau - Fotostudio-Ender Oranienbaum-W\u00f6rlitz<\/title>\n<meta name=\"description\" content=\"Hotel 7 S\u00e4ulen in 06846 Dessau-Ro\u00dflau, gegen\u00fcber der Meisterh\u00e4user, l\u00e4dt mit einer virtuellen Tour in 360 Grad herzlich zum Verweilen ein.\" \/>\n<meta name=\"robots\" content=\"index, follow, max-snippet:-1, max-image-preview:large, max-video-preview:-1\" \/>\n<link rel=\"canonical\" href=\"https:\/\/www.xn--360grad-rundgnge-7nb.de\/business-view\/hotel-7-saeulen-in-06846-dessau-rosslau-ebertallee-66\/\" \/>\n<meta property=\"og:locale\" content=\"de_DE\" \/>\n<meta property=\"og:type\" content=\"article\" \/>\n<meta property=\"og:title\" content=\"Hotel 7 S\u00e4ulen in 06846 Dessau-Ro\u00dflau - Fotostudio-Ender Oranienbaum-W\u00f6rlitz\" \/>\n<meta property=\"og:description\" content=\"Hotel 7 S\u00e4ulen in 06846 Dessau-Ro\u00dflau, gegen\u00fcber der Meisterh\u00e4user, l\u00e4dt mit einer virtuellen Tour in 360 Grad herzlich zum Verweilen ein.\" \/>\n<meta property=\"og:url\" content=\"https:\/\/www.xn--360grad-rundgnge-7nb.de\/business-view\/hotel-7-saeulen-in-06846-dessau-rosslau-ebertallee-66\/\" \/>\n<meta property=\"og:site_name\" content=\"Fotostudio-Ender Oranienbaum-W\u00f6rlitz\" \/>\n<meta property=\"article:publisher\" content=\"https:\/\/www.facebook.com\/Fotostudio-Ender-102313379966715\/\" \/>\n<meta property=\"article:modified_time\" content=\"2020-10-27T09:15:22+00:00\" \/>\n<meta property=\"og:image\" content=\"http:\/\/www.xn--360grad-rundgnge-7nb.de\/business-view\/wp-content\/uploads\/2015\/05\/IMG_5771-1024x715.jpg\" \/>\n<meta name=\"twitter:card\" content=\"summary_large_image\" \/>\n<meta name=\"twitter:label1\" content=\"Gesch\u00e4tzte Lesezeit\" \/>\n\t<meta name=\"twitter:data1\" content=\"1\u00a0Minute\" \/>\n<script type=\"application\/ld+json\" class=\"yoast-schema-graph\">{\"@context\":\"https:\/\/schema.org\",\"@graph\":[{\"@type\":\"WebPage\",\"@id\":\"https:\/\/www.xn--360grad-rundgnge-7nb.de\/business-view\/hotel-7-saeulen-in-06846-dessau-rosslau-ebertallee-66\/\",\"url\":\"https:\/\/www.xn--360grad-rundgnge-7nb.de\/business-view\/hotel-7-saeulen-in-06846-dessau-rosslau-ebertallee-66\/\",\"name\":\"Hotel 7 S\u00e4ulen in 06846 Dessau-Ro\u00dflau - Fotostudio-Ender Oranienbaum-W\u00f6rlitz\",\"isPartOf\":{\"@id\":\"https:\/\/www.xn--360grad-rundgnge-7nb.de\/business-view\/#website\"},\"datePublished\":\"2015-05-12T12:48:07+00:00\",\"dateModified\":\"2020-10-27T09:15:22+00:00\",\"description\":\"Hotel 7 S\u00e4ulen in 06846 Dessau-Ro\u00dflau, gegen\u00fcber der Meisterh\u00e4user, l\u00e4dt mit einer virtuellen Tour in 360 Grad herzlich zum Verweilen ein.\",\"breadcrumb\":{\"@id\":\"https:\/\/www.xn--360grad-rundgnge-7nb.de\/business-view\/hotel-7-saeulen-in-06846-dessau-rosslau-ebertallee-66\/#breadcrumb\"},\"inLanguage\":\"de\",\"potentialAction\":[{\"@type\":\"ReadAction\",\"target\":[\"https:\/\/www.xn--360grad-rundgnge-7nb.de\/business-view\/hotel-7-saeulen-in-06846-dessau-rosslau-ebertallee-66\/\"]}]},{\"@type\":\"BreadcrumbList\",\"@id\":\"https:\/\/www.xn--360grad-rundgnge-7nb.de\/business-view\/hotel-7-saeulen-in-06846-dessau-rosslau-ebertallee-66\/#breadcrumb\",\"itemListElement\":[{\"@type\":\"ListItem\",\"position\":1,\"name\":\"Startseite\",\"item\":\"https:\/\/www.xn--360grad-rundgnge-7nb.de\/business-view\/\"},{\"@type\":\"ListItem\",\"position\":2,\"name\":\"Hotel 7 S\u00e4ulen in 06846 Dessau-Ro\u00dflau\"}]},{\"@type\":\"WebSite\",\"@id\":\"https:\/\/www.xn--360grad-rundgnge-7nb.de\/business-view\/#website\",\"url\":\"https:\/\/www.xn--360grad-rundgnge-7nb.de\/business-view\/\",\"name\":\"Fotostudio-Ender Oranienbaum-W\u00f6rlitz\",\"description\":\"Berthold Ender - zertifizierter  Google Street View|Trusted  Fotograf\",\"potentialAction\":[{\"@type\":\"SearchAction\",\"target\":{\"@type\":\"EntryPoint\",\"urlTemplate\":\"https:\/\/www.xn--360grad-rundgnge-7nb.de\/business-view\/?s={search_term_string}\"},\"query-input\":\"required name=search_term_string\"}],\"inLanguage\":\"de\"}]}<\/script>\n<!-- \/ Yoast SEO plugin. -->","yoast_head_json":{"title":"Hotel 7 S\u00e4ulen in 06846 Dessau-Ro\u00dflau - Fotostudio-Ender Oranienbaum-W\u00f6rlitz","description":"Hotel 7 S\u00e4ulen in 06846 Dessau-Ro\u00dflau, gegen\u00fcber der Meisterh\u00e4user, l\u00e4dt mit einer virtuellen Tour in 360 Grad herzlich zum Verweilen ein.","robots":{"index":"index","follow":"follow","max-snippet":"max-snippet:-1","max-image-preview":"max-image-preview:large","max-video-preview":"max-video-preview:-1"},"canonical":"https:\/\/www.xn--360grad-rundgnge-7nb.de\/business-view\/hotel-7-saeulen-in-06846-dessau-rosslau-ebertallee-66\/","og_locale":"de_DE","og_type":"article","og_title":"Hotel 7 S\u00e4ulen in 06846 Dessau-Ro\u00dflau - Fotostudio-Ender Oranienbaum-W\u00f6rlitz","og_description":"Hotel 7 S\u00e4ulen in 06846 Dessau-Ro\u00dflau, gegen\u00fcber der Meisterh\u00e4user, l\u00e4dt mit einer virtuellen Tour in 360 Grad herzlich zum Verweilen ein.","og_url":"https:\/\/www.xn--360grad-rundgnge-7nb.de\/business-view\/hotel-7-saeulen-in-06846-dessau-rosslau-ebertallee-66\/","og_site_name":"Fotostudio-Ender Oranienbaum-W\u00f6rlitz","article_publisher":"https:\/\/www.facebook.com\/Fotostudio-Ender-102313379966715\/","article_modified_time":"2020-10-27T09:15:22+00:00","og_image":[{"url":"http:\/\/www.xn--360grad-rundgnge-7nb.de\/business-view\/wp-content\/uploads\/2015\/05\/IMG_5771-1024x715.jpg"}],"twitter_card":"summary_large_image","twitter_misc":{"Gesch\u00e4tzte Lesezeit":"1\u00a0Minute"},"schema":{"@context":"https:\/\/schema.org","@graph":[{"@type":"WebPage","@id":"https:\/\/www.xn--360grad-rundgnge-7nb.de\/business-view\/hotel-7-saeulen-in-06846-dessau-rosslau-ebertallee-66\/","url":"https:\/\/www.xn--360grad-rundgnge-7nb.de\/business-view\/hotel-7-saeulen-in-06846-dessau-rosslau-ebertallee-66\/","name":"Hotel 7 S\u00e4ulen in 06846 Dessau-Ro\u00dflau - Fotostudio-Ender Oranienbaum-W\u00f6rlitz","isPartOf":{"@id":"https:\/\/www.xn--360grad-rundgnge-7nb.de\/business-view\/#website"},"datePublished":"2015-05-12T12:48:07+00:00","dateModified":"2020-10-27T09:15:22+00:00","description":"Hotel 7 S\u00e4ulen in 06846 Dessau-Ro\u00dflau, gegen\u00fcber der Meisterh\u00e4user, l\u00e4dt mit einer virtuellen Tour in 360 Grad herzlich zum Verweilen ein.","breadcrumb":{"@id":"https:\/\/www.xn--360grad-rundgnge-7nb.de\/business-view\/hotel-7-saeulen-in-06846-dessau-rosslau-ebertallee-66\/#breadcrumb"},"inLanguage":"de","potentialAction":[{"@type":"ReadAction","target":["https:\/\/www.xn--360grad-rundgnge-7nb.de\/business-view\/hotel-7-saeulen-in-06846-dessau-rosslau-ebertallee-66\/"]}]},{"@type":"BreadcrumbList","@id":"https:\/\/www.xn--360grad-rundgnge-7nb.de\/business-view\/hotel-7-saeulen-in-06846-dessau-rosslau-ebertallee-66\/#breadcrumb","itemListElement":[{"@type":"ListItem","position":1,"name":"Startseite","item":"https:\/\/www.xn--360grad-rundgnge-7nb.de\/business-view\/"},{"@type":"ListItem","position":2,"name":"Hotel 7 S\u00e4ulen in 06846 Dessau-Ro\u00dflau"}]},{"@type":"WebSite","@id":"https:\/\/www.xn--360grad-rundgnge-7nb.de\/business-view\/#website","url":"https:\/\/www.xn--360grad-rundgnge-7nb.de\/business-view\/","name":"Fotostudio-Ender Oranienbaum-W\u00f6rlitz","description":"Berthold Ender - zertifizierter  Google Street View|Trusted  Fotograf","potentialAction":[{"@type":"SearchAction","target":{"@type":"EntryPoint","urlTemplate":"https:\/\/www.xn--360grad-rundgnge-7nb.de\/business-view\/?s={search_term_string}"},"query-input":"required name=search_term_string"}],"inLanguage":"de"}]}},"_links":{"self":[{"href":"https:\/\/www.xn--360grad-rundgnge-7nb.de\/business-view\/wp-json\/wp\/v2\/pages\/115"}],"collection":[{"href":"https:\/\/www.xn--360grad-rundgnge-7nb.de\/business-view\/wp-json\/wp\/v2\/pages"}],"about":[{"href":"https:\/\/www.xn--360grad-rundgnge-7nb.de\/business-view\/wp-json\/wp\/v2\/types\/page"}],"author":[{"embeddable":true,"href":"https:\/\/www.xn--360grad-rundgnge-7nb.de\/business-view\/wp-json\/wp\/v2\/users\/1"}],"replies":[{"embeddable":true,"href":"https:\/\/www.xn--360grad-rundgnge-7nb.de\/business-view\/wp-json\/wp\/v2\/comments?post=115"}],"version-history":[{"count":18,"href":"https:\/\/www.xn--360grad-rundgnge-7nb.de\/business-view\/wp-json\/wp\/v2\/pages\/115\/revisions"}],"predecessor-version":[{"id":495,"href":"https:\/\/www.xn--360grad-rundgnge-7nb.de\/business-view\/wp-json\/wp\/v2\/pages\/115\/revisions\/495"}],"wp:attachment":[{"href":"https:\/\/www.xn--360grad-rundgnge-7nb.de\/business-view\/wp-json\/wp\/v2\/media?parent=115"}],"curies":[{"name":"wp","href":"https:\/\/api.w.org\/{rel}","templated":true}]}}